{"id":1215,"date":"2026-04-10T15:07:39","date_gmt":"2026-04-10T15:07:39","guid":{"rendered":"https:\/\/tiskre-do.eu\/product\/sauna-schornsteinset-o115-mm-edelstahl\/"},"modified":"2026-04-12T10:03:43","modified_gmt":"2026-04-12T10:03:43","slug":"sauna-schornsteinset-o115-mm-edelstahl","status":"publish","type":"product","link":"https:\/\/tiskre-do.eu\/de\/produkt\/sauna-schornsteinset-o115-mm-edelstahl\/","title":{"rendered":"Sauna-Schornsteinset \u00d8115 mm \u2013 Edelstahl"},"content":{"rendered":"<p>Schornsteinsystem f\u00fcr Sauna\u00f6fen, \u00d8115 mm.<\/p>\n<p>Hergestellt aus Edelstahl f\u00fcr lange Lebensdauer und Best\u00e4ndigkeit gegen Hitze und Feuchtigkeit.<\/p>\n<p>F\u00fcr sicheren Rauchabzug und stabilen Zug ausgelegt.<br \/>\nGeeignet f\u00fcr holzbefeuerte Sauna\u00f6fen und Au\u00dfeninstallationen.<br \/>\nEinfach zu montieren und zu warten.<\/p>\n","protected":false},"excerpt":{"rendered":"<p>Edelstahl-Schornsteinset f\u00fcr Sauna\u00f6fen, \u00d8115 mm. <\/p>\n<p>Langlebig, korrosionsbest\u00e4ndig und f\u00fcr den Au\u00dfenbereich geeignet.<\/p>\n","protected":false},"featured_media":1217,"comment_status":"open","ping_status":"closed","template":"","meta":[],"product_brand":[],"product_cat":[87],"product_tag":[],"class_list":{"0":"post-1215","1":"product","2":"type-product","3":"status-publish","4":"has-post-thumbnail","6":"product_cat-sauna-schornsteine","7":"product_shipping_class-on-request","9":"first","10":"instock","11":"taxable","12":"shipping-taxable","13":"purchasable","14":"product-type-simple"},"_links":{"self":[{"href":"https:\/\/tiskre-do.eu\/de\/wp-json\/wp\/v2\/product\/1215","targetHints":{"allow":["GET"]}}],"collection":[{"href":"https:\/\/tiskre-do.eu\/de\/wp-json\/wp\/v2\/product"}],"about":[{"href":"https:\/\/tiskre-do.eu\/de\/wp-json\/wp\/v2\/types\/product"}],"replies":[{"embeddable":true,"href":"https:\/\/tiskre-do.eu\/de\/wp-json\/wp\/v2\/comments?post=1215"}],"wp:featuredmedia":[{"embeddable":true,"href":"https:\/\/tiskre-do.eu\/de\/wp-json\/wp\/v2\/media\/1217"}],"wp:attachment":[{"href":"https:\/\/tiskre-do.eu\/de\/wp-json\/wp\/v2\/media?parent=1215"}],"wp:term":[{"taxonomy":"product_brand","embeddable":true,"href":"https:\/\/tiskre-do.eu\/de\/wp-json\/wp\/v2\/product_brand?post=1215"},{"taxonomy":"product_cat","embeddable":true,"href":"https:\/\/tiskre-do.eu\/de\/wp-json\/wp\/v2\/product_cat?post=1215"},{"taxonomy":"product_tag","embeddable":true,"href":"https:\/\/tiskre-do.eu\/de\/wp-json\/wp\/v2\/product_tag?post=1215"}],"curies":[{"name":"wp","href":"https:\/\/api.w.org\/{rel}","templated":true}]}}