{"id":1226,"date":"2026-04-10T15:10:52","date_gmt":"2026-04-10T15:10:52","guid":{"rendered":"https:\/\/tiskre-do.eu\/product\/sauna-schornsteinset-o115-mm-schwarz-lackiert\/"},"modified":"2026-04-12T10:06:35","modified_gmt":"2026-04-12T10:06:35","slug":"sauna-schornsteinset-o115-mm-schwarz-lackiert","status":"publish","type":"product","link":"https:\/\/tiskre-do.eu\/de\/produkt\/sauna-schornsteinset-o115-mm-schwarz-lackiert\/","title":{"rendered":"Sauna-Schornsteinset \u00d8115 mm \u2013 Schwarz lackiert"},"content":{"rendered":"<p>Schornsteinsystem f\u00fcr Sauna\u00f6fen, \u00d8115 mm.<\/p>\n<p>Stahlkonstruktion mit hitzebest\u00e4ndiger schwarzer Beschichtung.<\/p>\n<p>Sorgt f\u00fcr zuverl\u00e4ssigen Zug und sicheren Rauchabzug.<br \/>\nGeeignet f\u00fcr holzbefeuerte Sauna\u00f6fen.<br \/>\nEinfache Installation und langlebige Oberfl\u00e4che.<\/p>\n","protected":false},"excerpt":{"rendered":"<p>Schwarz lackiertes Schornsteinset f\u00fcr Sauna\u00f6fen, \u00d8115 mm. <\/p>\n<p>Hitzebest\u00e4ndige Beschichtung mit klarem, minimalistischem Erscheinungsbild.<\/p>\n","protected":false},"featured_media":1216,"comment_status":"open","ping_status":"closed","template":"","meta":[],"product_brand":[],"product_cat":[87],"product_tag":[],"class_list":{"0":"post-1226","1":"product","2":"type-product","3":"status-publish","4":"has-post-thumbnail","6":"product_cat-sauna-schornsteine","7":"product_shipping_class-on-request","9":"first","10":"instock","11":"taxable","12":"shipping-taxable","13":"purchasable","14":"product-type-simple"},"_links":{"self":[{"href":"https:\/\/tiskre-do.eu\/de\/wp-json\/wp\/v2\/product\/1226","targetHints":{"allow":["GET"]}}],"collection":[{"href":"https:\/\/tiskre-do.eu\/de\/wp-json\/wp\/v2\/product"}],"about":[{"href":"https:\/\/tiskre-do.eu\/de\/wp-json\/wp\/v2\/types\/product"}],"replies":[{"embeddable":true,"href":"https:\/\/tiskre-do.eu\/de\/wp-json\/wp\/v2\/comments?post=1226"}],"wp:featuredmedia":[{"embeddable":true,"href":"https:\/\/tiskre-do.eu\/de\/wp-json\/wp\/v2\/media\/1216"}],"wp:attachment":[{"href":"https:\/\/tiskre-do.eu\/de\/wp-json\/wp\/v2\/media?parent=1226"}],"wp:term":[{"taxonomy":"product_brand","embeddable":true,"href":"https:\/\/tiskre-do.eu\/de\/wp-json\/wp\/v2\/product_brand?post=1226"},{"taxonomy":"product_cat","embeddable":true,"href":"https:\/\/tiskre-do.eu\/de\/wp-json\/wp\/v2\/product_cat?post=1226"},{"taxonomy":"product_tag","embeddable":true,"href":"https:\/\/tiskre-do.eu\/de\/wp-json\/wp\/v2\/product_tag?post=1226"}],"curies":[{"name":"wp","href":"https:\/\/api.w.org\/{rel}","templated":true}]}}