{"id":1200,"date":"2026-04-10T15:07:39","date_gmt":"2026-04-10T15:07:39","guid":{"rendered":"https:\/\/tiskre-do.eu\/product\/sauna-korstnakomplekt-o115-mm-roostevaba-teras\/"},"modified":"2026-04-12T10:05:29","modified_gmt":"2026-04-12T10:05:29","slug":"sauna-korstnakomplekt-o115-mm-roostevaba-teras","status":"publish","type":"product","link":"https:\/\/tiskre-do.eu\/et\/toode\/sauna-korstnakomplekt-o115-mm-roostevaba-teras\/","title":{"rendered":"Sauna korstnakomplekt \u00d8115 mm \u2013 roostevaba teras"},"content":{"rendered":"<p>Korstnas\u00fcsteem saunakeristele, \u00d8115 mm.<\/p>\n<p>Valmistatud roostevabast terasest, tagades pika kasutusea ja vastupidavuse kuumusele ning niiskusele.<\/p>\n<p>Tagab ohutu suitsu v\u00e4ljat\u00f5mbe ja stabiilse t\u00f5mbe.<br \/>\nSobib puuk\u00fcttega saunakeristele ja v\u00e4lipaigalduseks.<br \/>\nLihtne paigaldada ja hooldada.<\/p>\n","protected":false},"excerpt":{"rendered":"<p>Roostevabast terasest korstnakomplekt saunakeristele, \u00d8115 mm. <\/p>\n<p>Vastupidav, korrosioonikindel ja sobib v\u00e4litingimustesse.<\/p>\n","protected":false},"featured_media":1202,"comment_status":"open","ping_status":"closed","template":"","meta":[],"product_brand":[],"product_cat":[84],"product_tag":[],"class_list":{"0":"post-1200","1":"product","2":"type-product","3":"status-publish","4":"has-post-thumbnail","6":"product_cat-sauna-korstnad","7":"product_shipping_class-on-request","9":"first","10":"instock","11":"taxable","12":"shipping-taxable","13":"purchasable","14":"product-type-simple"},"_links":{"self":[{"href":"https:\/\/tiskre-do.eu\/et\/wp-json\/wp\/v2\/product\/1200","targetHints":{"allow":["GET"]}}],"collection":[{"href":"https:\/\/tiskre-do.eu\/et\/wp-json\/wp\/v2\/product"}],"about":[{"href":"https:\/\/tiskre-do.eu\/et\/wp-json\/wp\/v2\/types\/product"}],"replies":[{"embeddable":true,"href":"https:\/\/tiskre-do.eu\/et\/wp-json\/wp\/v2\/comments?post=1200"}],"wp:featuredmedia":[{"embeddable":true,"href":"https:\/\/tiskre-do.eu\/et\/wp-json\/wp\/v2\/media\/1202"}],"wp:attachment":[{"href":"https:\/\/tiskre-do.eu\/et\/wp-json\/wp\/v2\/media?parent=1200"}],"wp:term":[{"taxonomy":"product_brand","embeddable":true,"href":"https:\/\/tiskre-do.eu\/et\/wp-json\/wp\/v2\/product_brand?post=1200"},{"taxonomy":"product_cat","embeddable":true,"href":"https:\/\/tiskre-do.eu\/et\/wp-json\/wp\/v2\/product_cat?post=1200"},{"taxonomy":"product_tag","embeddable":true,"href":"https:\/\/tiskre-do.eu\/et\/wp-json\/wp\/v2\/product_tag?post=1200"}],"curies":[{"name":"wp","href":"https:\/\/api.w.org\/{rel}","templated":true}]}}