{"id":1205,"date":"2026-04-10T15:07:39","date_gmt":"2026-04-10T15:07:39","guid":{"rendered":"https:\/\/tiskre-do.eu\/product\/savupiippusarja-o115-mm-ruostumaton-teras\/"},"modified":"2026-04-12T10:05:01","modified_gmt":"2026-04-12T10:05:01","slug":"savupiippusarja-o115-mm-ruostumaton-teras","status":"publish","type":"product","link":"https:\/\/tiskre-do.eu\/fi\/tuote\/savupiippusarja-o115-mm-ruostumaton-teras\/","title":{"rendered":"Savupiippusarja \u00d8115 mm \u2013 ruostumaton ter\u00e4s"},"content":{"rendered":"<p>Savupiippuj\u00e4rjestelm\u00e4 saunakiukaille, \u00d8115 mm.<\/p>\n<p>Valmistettu ruostumattomasta ter\u00e4ksest\u00e4, mik\u00e4 takaa pitk\u00e4n k\u00e4ytt\u00f6i\u00e4n sek\u00e4 kest\u00e4vyyden kuumuutta ja kosteutta vastaan.<\/p>\n<p>Suunniteltu turvalliseen savukaasujen poistoon ja vakaaseen vetoon.<br \/>\nSopii puul\u00e4mmitteisiin saunakiukaisiin ja ulkoasennuksiin.<br \/>\nHelppo asentaa ja huoltaa.<\/p>\n","protected":false},"excerpt":{"rendered":"<p>Ruostumattomasta ter\u00e4ksest\u00e4 valmistettu savupiippusarja saunakiukaille, \u00d8115 mm. <\/p>\n<p>Kest\u00e4v\u00e4, korroosionkest\u00e4v\u00e4 ja sopii ulkok\u00e4ytt\u00f6\u00f6n.<\/p>\n","protected":false},"featured_media":1207,"comment_status":"open","ping_status":"closed","template":"","meta":[],"product_brand":[],"product_cat":[85],"product_tag":[],"class_list":{"0":"post-1205","1":"product","2":"type-product","3":"status-publish","4":"has-post-thumbnail","6":"product_cat-saunapiiput","7":"product_shipping_class-on-request","9":"first","10":"instock","11":"taxable","12":"shipping-taxable","13":"purchasable","14":"product-type-simple"},"_links":{"self":[{"href":"https:\/\/tiskre-do.eu\/fi\/wp-json\/wp\/v2\/product\/1205","targetHints":{"allow":["GET"]}}],"collection":[{"href":"https:\/\/tiskre-do.eu\/fi\/wp-json\/wp\/v2\/product"}],"about":[{"href":"https:\/\/tiskre-do.eu\/fi\/wp-json\/wp\/v2\/types\/product"}],"replies":[{"embeddable":true,"href":"https:\/\/tiskre-do.eu\/fi\/wp-json\/wp\/v2\/comments?post=1205"}],"wp:featuredmedia":[{"embeddable":true,"href":"https:\/\/tiskre-do.eu\/fi\/wp-json\/wp\/v2\/media\/1207"}],"wp:attachment":[{"href":"https:\/\/tiskre-do.eu\/fi\/wp-json\/wp\/v2\/media?parent=1205"}],"wp:term":[{"taxonomy":"product_brand","embeddable":true,"href":"https:\/\/tiskre-do.eu\/fi\/wp-json\/wp\/v2\/product_brand?post=1205"},{"taxonomy":"product_cat","embeddable":true,"href":"https:\/\/tiskre-do.eu\/fi\/wp-json\/wp\/v2\/product_cat?post=1205"},{"taxonomy":"product_tag","embeddable":true,"href":"https:\/\/tiskre-do.eu\/fi\/wp-json\/wp\/v2\/product_tag?post=1205"}],"curies":[{"name":"wp","href":"https:\/\/api.w.org\/{rel}","templated":true}]}}