{"id":1228,"date":"2026-04-10T15:10:52","date_gmt":"2026-04-10T15:10:52","guid":{"rendered":"https:\/\/tiskre-do.eu\/product\/savupiippusarja-o115-mm-mustaksi-maalattu\/"},"modified":"2026-04-12T10:07:37","modified_gmt":"2026-04-12T10:07:37","slug":"savupiippusarja-o115-mm-mustaksi-maalattu","status":"publish","type":"product","link":"https:\/\/tiskre-do.eu\/fi\/tuote\/savupiippusarja-o115-mm-mustaksi-maalattu\/","title":{"rendered":"Savupiippusarja \u00d8115 mm \u2013 mustaksi maalattu"},"content":{"rendered":"<p>Savupiippuj\u00e4rjestelm\u00e4 saunakiukaille, \u00d8115 mm.<\/p>\n<p>Ter\u00e4srakenne, jossa l\u00e4mm\u00f6nkest\u00e4v\u00e4 musta pinnoite.<\/p>\n<p>Tarjoaa luotettavan vedon ja turvallisen savukaasujen poiston.<br \/>\nSopii puul\u00e4mmitteisiin saunakiukaisiin.<br \/>\nHelppo asennus ja kest\u00e4v\u00e4 viimeistely.<\/p>\n","protected":false},"excerpt":{"rendered":"<p>Mustaksi maalattu savupiippusarja saunakiukaille, \u00d8115 mm. <\/p>\n<p>L\u00e4mm\u00f6nkest\u00e4v\u00e4 pinnoite ja selke\u00e4 ulkon\u00e4k\u00f6.<\/p>\n","protected":false},"featured_media":1206,"comment_status":"open","ping_status":"closed","template":"","meta":[],"product_brand":[],"product_cat":[85],"product_tag":[],"class_list":{"0":"post-1228","1":"product","2":"type-product","3":"status-publish","4":"has-post-thumbnail","6":"product_cat-saunapiiput","7":"product_shipping_class-on-request","9":"first","10":"instock","11":"taxable","12":"shipping-taxable","13":"purchasable","14":"product-type-simple"},"_links":{"self":[{"href":"https:\/\/tiskre-do.eu\/fi\/wp-json\/wp\/v2\/product\/1228","targetHints":{"allow":["GET"]}}],"collection":[{"href":"https:\/\/tiskre-do.eu\/fi\/wp-json\/wp\/v2\/product"}],"about":[{"href":"https:\/\/tiskre-do.eu\/fi\/wp-json\/wp\/v2\/types\/product"}],"replies":[{"embeddable":true,"href":"https:\/\/tiskre-do.eu\/fi\/wp-json\/wp\/v2\/comments?post=1228"}],"wp:featuredmedia":[{"embeddable":true,"href":"https:\/\/tiskre-do.eu\/fi\/wp-json\/wp\/v2\/media\/1206"}],"wp:attachment":[{"href":"https:\/\/tiskre-do.eu\/fi\/wp-json\/wp\/v2\/media?parent=1228"}],"wp:term":[{"taxonomy":"product_brand","embeddable":true,"href":"https:\/\/tiskre-do.eu\/fi\/wp-json\/wp\/v2\/product_brand?post=1228"},{"taxonomy":"product_cat","embeddable":true,"href":"https:\/\/tiskre-do.eu\/fi\/wp-json\/wp\/v2\/product_cat?post=1228"},{"taxonomy":"product_tag","embeddable":true,"href":"https:\/\/tiskre-do.eu\/fi\/wp-json\/wp\/v2\/product_tag?post=1228"}],"curies":[{"name":"wp","href":"https:\/\/api.w.org\/{rel}","templated":true}]}}