{"id":1210,"date":"2026-04-10T15:07:39","date_gmt":"2026-04-10T15:07:39","guid":{"rendered":"https:\/\/tiskre-do.eu\/product\/kit-de-cheminee-o115-mm-acier-inoxydable\/"},"modified":"2026-04-12T10:04:29","modified_gmt":"2026-04-12T10:04:29","slug":"kit-de-cheminee-o115-mm-acier-inoxydable","status":"publish","type":"product","link":"https:\/\/tiskre-do.eu\/fr\/produit\/kit-de-cheminee-o115-mm-acier-inoxydable\/","title":{"rendered":"Kit de chemin\u00e9e \u00d8115 mm \u2013 acier inoxydable"},"content":{"rendered":"<p>Syst\u00e8me de chemin\u00e9e pour po\u00eales de sauna, \u00d8115 mm.<\/p>\n<p>Fabriqu\u00e9 en acier inoxydable pour une longue dur\u00e9e de vie et une r\u00e9sistance \u00e0 la chaleur et \u00e0 l\u2019humidit\u00e9.<\/p>\n<p>Con\u00e7u pour une \u00e9vacuation s\u00fbre des fum\u00e9es et un tirage stable.<br \/>\nAdapt\u00e9 aux po\u00eales de sauna \u00e0 bois et aux installations ext\u00e9rieures.<br \/>\nFacile \u00e0 installer et \u00e0 entretenir.<\/p>\n","protected":false},"excerpt":{"rendered":"<p>Kit de chemin\u00e9e en acier inoxydable pour po\u00eales de sauna, \u00d8115 mm. <\/p>\n<p>Durable, r\u00e9sistant \u00e0 la corrosion et adapt\u00e9 \u00e0 une utilisation ext\u00e9rieure.<\/p>\n","protected":false},"featured_media":1212,"comment_status":"open","ping_status":"closed","template":"","meta":[],"product_brand":[],"product_cat":[86],"product_tag":[],"class_list":{"0":"post-1210","1":"product","2":"type-product","3":"status-publish","4":"has-post-thumbnail","6":"product_cat-cheminees-pour-sauna","7":"product_shipping_class-on-request","9":"first","10":"instock","11":"taxable","12":"shipping-taxable","13":"purchasable","14":"product-type-simple"},"_links":{"self":[{"href":"https:\/\/tiskre-do.eu\/fr\/wp-json\/wp\/v2\/product\/1210","targetHints":{"allow":["GET"]}}],"collection":[{"href":"https:\/\/tiskre-do.eu\/fr\/wp-json\/wp\/v2\/product"}],"about":[{"href":"https:\/\/tiskre-do.eu\/fr\/wp-json\/wp\/v2\/types\/product"}],"replies":[{"embeddable":true,"href":"https:\/\/tiskre-do.eu\/fr\/wp-json\/wp\/v2\/comments?post=1210"}],"wp:featuredmedia":[{"embeddable":true,"href":"https:\/\/tiskre-do.eu\/fr\/wp-json\/wp\/v2\/media\/1212"}],"wp:attachment":[{"href":"https:\/\/tiskre-do.eu\/fr\/wp-json\/wp\/v2\/media?parent=1210"}],"wp:term":[{"taxonomy":"product_brand","embeddable":true,"href":"https:\/\/tiskre-do.eu\/fr\/wp-json\/wp\/v2\/product_brand?post=1210"},{"taxonomy":"product_cat","embeddable":true,"href":"https:\/\/tiskre-do.eu\/fr\/wp-json\/wp\/v2\/product_cat?post=1210"},{"taxonomy":"product_tag","embeddable":true,"href":"https:\/\/tiskre-do.eu\/fr\/wp-json\/wp\/v2\/product_tag?post=1210"}],"curies":[{"name":"wp","href":"https:\/\/api.w.org\/{rel}","templated":true}]}}