{"id":1227,"date":"2026-04-10T15:10:52","date_gmt":"2026-04-10T15:10:52","guid":{"rendered":"https:\/\/tiskre-do.eu\/product\/kit-de-cheminee-o115-mm-finition-noire\/"},"modified":"2026-04-12T10:07:07","modified_gmt":"2026-04-12T10:07:07","slug":"kit-de-cheminee-o115-mm-finition-noire","status":"publish","type":"product","link":"https:\/\/tiskre-do.eu\/fr\/produit\/kit-de-cheminee-o115-mm-finition-noire\/","title":{"rendered":"Kit de chemin\u00e9e \u00d8115 mm \u2013 finition noire"},"content":{"rendered":"<p>Syst\u00e8me de chemin\u00e9e pour po\u00eales de sauna, \u00d8115 mm.<\/p>\n<p>Construction en acier avec rev\u00eatement noir r\u00e9sistant \u00e0 la chaleur.<\/p>\n<p>Assure un tirage fiable et une \u00e9vacuation s\u00fbre des fum\u00e9es.<br \/>\nAdapt\u00e9 aux po\u00eales de sauna \u00e0 bois. Installation simple et finition durable.<\/p>\n","protected":false},"excerpt":{"rendered":"<p>Kit de chemin\u00e9e peint en noir pour po\u00eales de sauna, \u00d8115 mm. <\/p>\n<p>Rev\u00eatement r\u00e9sistant \u00e0 la chaleur avec un aspect sobre et \u00e9pur\u00e9.<\/p>\n","protected":false},"featured_media":1211,"comment_status":"open","ping_status":"closed","template":"","meta":[],"product_brand":[],"product_cat":[86],"product_tag":[],"class_list":{"0":"post-1227","1":"product","2":"type-product","3":"status-publish","4":"has-post-thumbnail","6":"product_cat-cheminees-pour-sauna","7":"product_shipping_class-on-request","9":"first","10":"instock","11":"taxable","12":"shipping-taxable","13":"purchasable","14":"product-type-simple"},"_links":{"self":[{"href":"https:\/\/tiskre-do.eu\/fr\/wp-json\/wp\/v2\/product\/1227","targetHints":{"allow":["GET"]}}],"collection":[{"href":"https:\/\/tiskre-do.eu\/fr\/wp-json\/wp\/v2\/product"}],"about":[{"href":"https:\/\/tiskre-do.eu\/fr\/wp-json\/wp\/v2\/types\/product"}],"replies":[{"embeddable":true,"href":"https:\/\/tiskre-do.eu\/fr\/wp-json\/wp\/v2\/comments?post=1227"}],"wp:featuredmedia":[{"embeddable":true,"href":"https:\/\/tiskre-do.eu\/fr\/wp-json\/wp\/v2\/media\/1211"}],"wp:attachment":[{"href":"https:\/\/tiskre-do.eu\/fr\/wp-json\/wp\/v2\/media?parent=1227"}],"wp:term":[{"taxonomy":"product_brand","embeddable":true,"href":"https:\/\/tiskre-do.eu\/fr\/wp-json\/wp\/v2\/product_brand?post=1227"},{"taxonomy":"product_cat","embeddable":true,"href":"https:\/\/tiskre-do.eu\/fr\/wp-json\/wp\/v2\/product_cat?post=1227"},{"taxonomy":"product_tag","embeddable":true,"href":"https:\/\/tiskre-do.eu\/fr\/wp-json\/wp\/v2\/product_tag?post=1227"}],"curies":[{"name":"wp","href":"https:\/\/api.w.org\/{rel}","templated":true}]}}