{"id":1220,"date":"2026-04-10T15:07:39","date_gmt":"2026-04-10T15:07:39","guid":{"rendered":"https:\/\/tiskre-do.eu\/product\/skorstenskit-o115-mm-rostfritt-stal\/"},"modified":"2026-04-12T10:03:19","modified_gmt":"2026-04-12T10:03:19","slug":"skorstenskit-o115-mm-rostfritt-stal","status":"publish","type":"product","link":"https:\/\/tiskre-do.eu\/sv\/produkt\/skorstenskit-o115-mm-rostfritt-stal\/","title":{"rendered":"Skorstenskit \u00d8115 mm \u2013 rostfritt st\u00e5l"},"content":{"rendered":"<p>Skorstenssystem f\u00f6r bastuaggregat, \u00d8115 mm.<\/p>\n<p>Tillverkat av rostfritt st\u00e5l f\u00f6r l\u00e5ng livsl\u00e4ngd och motst\u00e5ndskraft mot v\u00e4rme och fukt.<\/p>\n<p>Utformat f\u00f6r s\u00e4ker r\u00f6kavledning och stabilt drag.<br \/>\nL\u00e4mpligt f\u00f6r vedeldade bastuaggregat och utomhusinstallationer.<br \/>\nEnkel att installera och underh\u00e5lla.<\/p>\n","protected":false},"excerpt":{"rendered":"<p>Skorstenskit i rostfritt st\u00e5l f\u00f6r bastuaggregat, \u00d8115 mm. <\/p>\n<p>H\u00e5llbart, korrosionsbest\u00e4ndigt och l\u00e4mpligt f\u00f6r utomhusbruk.<\/p>\n","protected":false},"featured_media":1222,"comment_status":"open","ping_status":"closed","template":"","meta":[],"product_brand":[],"product_cat":[88],"product_tag":[],"class_list":{"0":"post-1220","1":"product","2":"type-product","3":"status-publish","4":"has-post-thumbnail","6":"product_cat-bastu-skorstenar","7":"product_shipping_class-on-request","9":"first","10":"instock","11":"taxable","12":"shipping-taxable","13":"purchasable","14":"product-type-simple"},"_links":{"self":[{"href":"https:\/\/tiskre-do.eu\/sv\/wp-json\/wp\/v2\/product\/1220","targetHints":{"allow":["GET"]}}],"collection":[{"href":"https:\/\/tiskre-do.eu\/sv\/wp-json\/wp\/v2\/product"}],"about":[{"href":"https:\/\/tiskre-do.eu\/sv\/wp-json\/wp\/v2\/types\/product"}],"replies":[{"embeddable":true,"href":"https:\/\/tiskre-do.eu\/sv\/wp-json\/wp\/v2\/comments?post=1220"}],"wp:featuredmedia":[{"embeddable":true,"href":"https:\/\/tiskre-do.eu\/sv\/wp-json\/wp\/v2\/media\/1222"}],"wp:attachment":[{"href":"https:\/\/tiskre-do.eu\/sv\/wp-json\/wp\/v2\/media?parent=1220"}],"wp:term":[{"taxonomy":"product_brand","embeddable":true,"href":"https:\/\/tiskre-do.eu\/sv\/wp-json\/wp\/v2\/product_brand?post=1220"},{"taxonomy":"product_cat","embeddable":true,"href":"https:\/\/tiskre-do.eu\/sv\/wp-json\/wp\/v2\/product_cat?post=1220"},{"taxonomy":"product_tag","embeddable":true,"href":"https:\/\/tiskre-do.eu\/sv\/wp-json\/wp\/v2\/product_tag?post=1220"}],"curies":[{"name":"wp","href":"https:\/\/api.w.org\/{rel}","templated":true}]}}