{"id":1225,"date":"2026-04-10T15:10:52","date_gmt":"2026-04-10T15:10:52","guid":{"rendered":"https:\/\/tiskre-do.eu\/product\/skorstenskit-o115-mm-svartlackerad\/"},"modified":"2026-04-12T10:05:58","modified_gmt":"2026-04-12T10:05:58","slug":"skorstenskit-o115-mm-svartlackerad","status":"publish","type":"product","link":"https:\/\/tiskre-do.eu\/sv\/produkt\/skorstenskit-o115-mm-svartlackerad\/","title":{"rendered":"Skorstenskit \u00d8115 mm \u2013 svartlackerad"},"content":{"rendered":"<p>Skorstenssystem f\u00f6r bastuaggregat, \u00d8115 mm.<\/p>\n<p>St\u00e5lkonstruktion med v\u00e4rmebest\u00e4ndig svart bel\u00e4ggning.<\/p>\n<p>Ger p\u00e5litligt drag och s\u00e4ker r\u00f6kavledning.<br \/>\nL\u00e4mpligt f\u00f6r vedeldade bastuaggregat.<br \/>\nEnkel installation och h\u00e5llbar finish.<\/p>\n","protected":false},"excerpt":{"rendered":"<p>Svartlackerat skorstenskit f\u00f6r bastuaggregat, \u00d8115 mm. <\/p>\n<p>V\u00e4rmebest\u00e4ndig ytbehandling med ett rent och minimalistiskt utseende.<\/p>\n","protected":false},"featured_media":1221,"comment_status":"open","ping_status":"closed","template":"","meta":[],"product_brand":[],"product_cat":[88],"product_tag":[],"class_list":{"0":"post-1225","1":"product","2":"type-product","3":"status-publish","4":"has-post-thumbnail","6":"product_cat-bastu-skorstenar","7":"product_shipping_class-on-request","9":"first","10":"instock","11":"taxable","12":"shipping-taxable","13":"purchasable","14":"product-type-simple"},"_links":{"self":[{"href":"https:\/\/tiskre-do.eu\/sv\/wp-json\/wp\/v2\/product\/1225","targetHints":{"allow":["GET"]}}],"collection":[{"href":"https:\/\/tiskre-do.eu\/sv\/wp-json\/wp\/v2\/product"}],"about":[{"href":"https:\/\/tiskre-do.eu\/sv\/wp-json\/wp\/v2\/types\/product"}],"replies":[{"embeddable":true,"href":"https:\/\/tiskre-do.eu\/sv\/wp-json\/wp\/v2\/comments?post=1225"}],"wp:featuredmedia":[{"embeddable":true,"href":"https:\/\/tiskre-do.eu\/sv\/wp-json\/wp\/v2\/media\/1221"}],"wp:attachment":[{"href":"https:\/\/tiskre-do.eu\/sv\/wp-json\/wp\/v2\/media?parent=1225"}],"wp:term":[{"taxonomy":"product_brand","embeddable":true,"href":"https:\/\/tiskre-do.eu\/sv\/wp-json\/wp\/v2\/product_brand?post=1225"},{"taxonomy":"product_cat","embeddable":true,"href":"https:\/\/tiskre-do.eu\/sv\/wp-json\/wp\/v2\/product_cat?post=1225"},{"taxonomy":"product_tag","embeddable":true,"href":"https:\/\/tiskre-do.eu\/sv\/wp-json\/wp\/v2\/product_tag?post=1225"}],"curies":[{"name":"wp","href":"https:\/\/api.w.org\/{rel}","templated":true}]}}